{"id":21215,"date":"2023-02-24T01:19:47","date_gmt":"2023-02-23T18:19:47","guid":{"rendered":"https:\/\/erialshop.com\/?post_type=product&#038;p=21215"},"modified":"2023-05-21T20:45:14","modified_gmt":"2023-05-21T13:45:14","slug":"parti-sapphires-8ly","status":"publish","type":"product","link":"https:\/\/www.erialshop.com\/index.php\/product\/parti-sapphires-8ly\/","title":{"rendered":"Parti Sapphires 8ly"},"content":{"rendered":"<p><strong>V\u00f2ng tay v\u1edbi \u0111\u00e1 parti sapphire th\u00f4 ch\u01b0a \u0111\u01b0\u1ee3c m\u00e0i b\u00f3ng h\u1ea1t 8ly x\u1ecf thun \u0111\u01a1n gi\u1ea3n.<\/strong><\/p>\n<p>Sapphire \u0111\u01b0\u1ee3c bi\u1ebft \u0111\u1ebfn ph\u1ed5 bi\u1ebfn nh\u1ea5t \u1edf m\u00e0u xanh d\u01b0\u01a1ng \u0111\u1eadm, tuy v\u1eady d\u00e3y m\u00e0u c\u1ee7a sapphire tr\u1ea3i d\u00e0i kh\u00e1 \u0111a d\u1ea1ng t\u1eeb v\u00e0ng, t\u00edm, h\u1ed3ng, l\u00e1, n\u00e2u\u2026.. Nh\u01b0 chi\u1ebfc v\u00f2ng tr\u00ean h\u00ecnh v\u1edbi c\u00e1c vi\u00ean \u0111\u00e1 tr\u1ed9n l\u1eabn t\u1eeb hai m\u00e0u tr\u1edf l\u00ean th\u00ec \u0111\u01b0\u1ee3c g\u1ecdi l\u00e0 Parti Sapphire.<\/p>\n<p>S\u1ed1 h\u1ea1t tr\u00ean h\u00ecnh ch\u1ec9 mang t\u00ednh ch\u1ea5t minh ho\u1ea1t, shop s\u1ebd x\u1ecf theo s\u1ed1 h\u1ea1t y\u00eau c\u1ea7u c\u1ee7a kh\u00e1ch. C\u00e1c b\u1ea1n c\u00f3 th\u1ec3 li\u00ean h\u1ec7 tr\u01b0\u1edbc v\u1edbi shop \u0111\u1ec3 \u0111\u01b0\u1ee3c t\u01b0 v\u1ea5n k\u0129 l\u01b0\u1ee1ng tr\u01b0\u1edbc khi \u0111\u1eb7t mua.<\/p>\n<p><strong>P.s: \u0110\u1ec3 \u0111\u01b0\u1ee3c shop ph\u1ea3n h\u1ed3i nhanh nh\u1ea5t<\/strong><strong>, c\u00e1c b\u1ea1n vui l\u00f2ng b\u1ea5m v\u00e0o n\u00fat \u201cnh\u1eafn tin qua instagram\u201d \u1edf d\u01b0\u1edbi ch\u1eef \u201cmua ngay\u201d nh\u00e9.\u00a0<\/strong><\/p>\n","protected":false},"excerpt":{"rendered":"<p>V\u00f2ng tay v\u1edbi \u0111\u00e1 parti sapphire th\u00f4 ch\u01b0a \u0111\u01b0\u1ee3c m\u00e0i b\u00f3ng h\u1ea1t 8ly x\u1ecf thun \u0111\u01a1n gi\u1ea3n. Sapphire \u0111\u01b0\u1ee3c bi\u1ebft \u0111\u1ebfn ph\u1ed5 bi\u1ebfn nh\u1ea5t \u1edf m\u00e0u xanh d\u01b0\u01a1ng \u0111\u1eadm, tuy v\u1eady d\u00e3y m\u00e0u c\u1ee7a sapphire tr\u1ea3i d\u00e0i kh\u00e1 \u0111a d\u1ea1ng t\u1eeb v\u00e0ng, t\u00edm, h\u1ed3ng, l\u00e1, n\u00e2u\u2026.. Nh\u01b0 chi\u1ebfc v\u00f2ng tr\u00ean h\u00ecnh v\u1edbi c\u00e1c vi\u00ean \u0111\u00e1 tr\u1ed9n l\u1eabn t\u1eeb hai m\u00e0u tr\u1edf l\u00ean th\u00ec \u0111\u01b0\u1ee3c g\u1ecdi l\u00e0 Parti Sapphire. S\u1ed1 h\u1ea1t tr\u00ean h\u00ecnh ch\u1ec9 mang t\u00ednh ch\u1ea5t minh ho\u1ea1t, shop s\u1ebd x\u1ecf theo s\u1ed1 h\u1ea1t y\u00eau c\u1ea7u c\u1ee7a kh\u00e1ch. C\u00e1c b\u1ea1n c\u00f3 th\u1ec3 li\u00ean h\u1ec7 tr\u01b0\u1edbc v\u1edbi shop \u0111\u1ec3 \u0111\u01b0\u1ee3c t\u01b0 v\u1ea5n k\u0129 l\u01b0\u1ee1ng tr\u01b0\u1edbc khi \u0111\u1eb7t mua. P.s: \u0110\u1ec3 \u0111\u01b0\u1ee3c shop ph\u1ea3n h\u1ed3i nhanh nh\u1ea5t, c\u00e1c b\u1ea1n vui l\u00f2ng b\u1ea5m v\u00e0o n\u00fat \u201cnh\u1eafn tin qua instagram\u201d \u1edf d\u01b0\u1edbi ch\u1eef \u201cmua ngay\u201d nh\u00e9.\u00a0<\/p>\n","protected":false},"featured_media":21216,"comment_status":"open","ping_status":"closed","template":"","meta":[],"product_brand":[],"product_cat":[284],"product_tag":[365,338,366],"class_list":{"0":"post-21215","1":"product","2":"type-product","3":"status-publish","4":"has-post-thumbnail","6":"product_cat-vong-tay","7":"product_tag-sapphire","8":"product_tag-vongtay","9":"product_tag-xothun","10":"pa_color-da-sac","11":"pa_loai-da-sapphire","12":"pa_style-tron","14":"first","15":"instock","16":"sale","17":"shipping-taxable","18":"purchasable","19":"product-type-simple"},"_links":{"self":[{"href":"https:\/\/www.erialshop.com\/index.php\/wp-json\/wp\/v2\/product\/21215","targetHints":{"allow":["GET"]}}],"collection":[{"href":"https:\/\/www.erialshop.com\/index.php\/wp-json\/wp\/v2\/product"}],"about":[{"href":"https:\/\/www.erialshop.com\/index.php\/wp-json\/wp\/v2\/types\/product"}],"replies":[{"embeddable":true,"href":"https:\/\/www.erialshop.com\/index.php\/wp-json\/wp\/v2\/comments?post=21215"}],"version-history":[{"count":0,"href":"https:\/\/www.erialshop.com\/index.php\/wp-json\/wp\/v2\/product\/21215\/revisions"}],"wp:featuredmedia":[{"embeddable":true,"href":"https:\/\/www.erialshop.com\/index.php\/wp-json\/wp\/v2\/media\/21216"}],"wp:attachment":[{"href":"https:\/\/www.erialshop.com\/index.php\/wp-json\/wp\/v2\/media?parent=21215"}],"wp:term":[{"taxonomy":"product_brand","embeddable":true,"href":"https:\/\/www.erialshop.com\/index.php\/wp-json\/wp\/v2\/product_brand?post=21215"},{"taxonomy":"product_cat","embeddable":true,"href":"https:\/\/www.erialshop.com\/index.php\/wp-json\/wp\/v2\/product_cat?post=21215"},{"taxonomy":"product_tag","embeddable":true,"href":"https:\/\/www.erialshop.com\/index.php\/wp-json\/wp\/v2\/product_tag?post=21215"}],"curies":[{"name":"wp","href":"https:\/\/api.w.org\/{rel}","templated":true}]}}