{"id":331,"date":"2021-11-26T09:41:15","date_gmt":"2021-11-26T09:41:15","guid":{"rendered":"https:\/\/erialshop.com\/index.php\/faqs\/"},"modified":"2024-11-18T13:37:19","modified_gmt":"2024-11-18T06:37:19","slug":"faqs","status":"publish","type":"page","link":"https:\/\/www.erialshop.com\/index.php\/faqs\/","title":{"rendered":"FAQs"},"content":{"rendered":"\t\t<div data-elementor-type=\"wp-page\" data-elementor-id=\"331\" class=\"elementor elementor-331\">\n\t\t\t\t\t\t<section class=\"elementor-section elementor-top-section elementor-element elementor-element-7b9e874 elementor-section-boxed elementor-section-gap-beside-yes elementor-section-height-default elementor-section-height-default elementor-section-content-align-center elementor-section-column-vertical-align-stretch\" data-id=\"7b9e874\" data-element_type=\"section\">\n\t\t\t\t\t\t<div class=\"elementor-container elementor-column-gap-extended\">\n\t\t\t\t\t<div class=\"elementor-column elementor-col-100 elementor-top-column elementor-element elementor-element-59165b0\" data-id=\"59165b0\" data-element_type=\"column\">\n\t\t\t<div class=\"elementor-widget-wrap elementor-element-populated\">\n\t\t\t\t\t\t<div class=\"elementor-element elementor-element-0480845 elementor-widget elementor-widget-tm-heading\" data-id=\"0480845\" data-element_type=\"widget\" data-widget_type=\"tm-heading.default\">\n\t\t\t\t<div class=\"elementor-widget-container\">\n\t\t\t\t\t\t\t<div class=\"tm-modern-heading tm-modern-heading--style-03 tm-modern-heading--highlight-style-01\">\n\t\t\t\n\t\t\t\t\t<div class=\"heading-primary-wrap\">\n\t\t\t<h2 class=\"heading-primary elementor-heading-title\">C\u00e1c c\u00e2u h\u1ecfi th\u01b0\u1eddng g\u1eb7p.<\/h2>\t\t<\/div>\n\t\t\n\t\t\t\n\t\t\t\t\t<div class=\"heading-description-wrap\">\n\t\t\t<div class=\"heading-description\">\n\t\t\t\t<p>D\u01b0\u1edbi \u0111\u00e2y l\u00e0 nh\u1eefng c\u00e2u h\u1ecfi th\u01b0\u1eddng g\u1eb7p \u0111\u01b0\u1ee3c t\u1ed5ng h\u1ee3p d\u1ef1a tr\u00ean \u0111\u1ed9 ph\u1ed5 bi\u1ebfn nh\u1ea5t. <br \/>N\u1ebfu c\u00f3 b\u1ea5t k\u1ef3 th\u1eafc m\u1eafc n\u00e0o c\u1ea7n h\u1ed7 tr\u1ee3 gi\u1ea3i \u0111\u00e1p h\u00e3y li\u00ean h\u1ec7 \u0111\u1ec3 ErialShop h\u1ed7 tr\u1ee3 b\u1ea1n nh\u00e9!<\/p>\t\t\t<\/div>\n\t\t<\/div>\n\t\t\t\t<\/div>\n\t\t\t\t\t\t<\/div>\n\t\t\t\t<\/div>\n\t\t\t\t<div class=\"elementor-element elementor-element-9403f5a minimog-accordion-style-01 elementor-widget elementor-widget-tm-accordion\" data-id=\"9403f5a\" data-element_type=\"widget\" data-settings=\"{&quot;active_first_item&quot;:&quot;1&quot;}\" data-widget_type=\"tm-accordion.default\">\n\t\t\t\t<div class=\"elementor-widget-container\">\n\t\t\t\t\t\t\t<div class=\"minimog-accordion minimog-accordion-icon-right\">\n\t\t\t\t\t\t\t<div class=\"accordion-section active\">\n\t\t\t\t\t<div class=\"accordion-header\">\n\t\t\t\t\t\t<div class=\"accordion-title-wrapper\">\n\t\t\t\t\t\t\t<h6 class=\"accordion-title\">1. Erialshop c\u00f3 c\u1eeda h\u00e0ng hay kh\u00f4ng?<\/h6>\t\t\t\t\t\t<\/div>\n\t\t\t\t\t\t\t\t\t\t\t\t\t<div class=\"accordion-icons\">\n\t\t\t\t\t\t\t\t<span\n\t\t\t\t\t\t\t\t\tclass=\"accordion-icon opened-icon\"><i class=\"far fa-angle-down\"><\/i><\/span>\n\t\t\t\t\t\t\t\t<span\n\t\t\t\t\t\t\t\t\tclass=\"accordion-icon closed-icon\"><i class=\"far fa-angle-up\"><\/i><\/span>\n\t\t\t\t\t\t\t<\/div>\n\t\t\t\t\t\t\t\t\t\t\t<\/div>\n\t\t\t\t\t<div class=\"accordion-content\">\n\t\t\t\t\t\t<p>Erialshop l\u00e0 c\u1eeda h\u00e0ng tr\u1ef1c tuy\u1ebfn (online shop) v\u00e0 hi\u1ec7n ch\u01b0a c\u00f3 c\u1eeda h\u00e0ng, m\u1ecdi giao d\u1ecbch c\u1ee7a c\u00e1c b\u1ea1n \u0111\u1ec3u \u0111\u01b0\u1ee3c t\u01b0 v\u1ea5n k\u1ec9 l\u01b0\u1ee1ng v\u00e0 \u0111\u01b0\u1ee3c shop cung c\u1ea5p \u0111\u1ea7y \u0111\u1ee7 h\u1ec9nh \u1ea3nh th\u1eadt c\u1ee7a s\u1ea3n ph\u1ea9m theo y\u00eau c\u1ea7u.<br \/>Trong tr\u01b0\u1eddng h\u1ee3p mang \u0111\u1ebfn shop \u0111\u1ec3 b\u1ea3o h\u00e0nh, c\u00e1c b\u1ea1n vui l\u00f2ng li\u00ean h\u1ec7 shop l\u1ea5y \u0111\u1ecba ch\u1ec9 nh\u00e9.<\/p>\t\t\t\t\t<\/div>\n\t\t\t\t<\/div>\n\t\t\t\t\t\t\t<div class=\"accordion-section\">\n\t\t\t\t\t<div class=\"accordion-header\">\n\t\t\t\t\t\t<div class=\"accordion-title-wrapper\">\n\t\t\t\t\t\t\t<h6 class=\"accordion-title\">2. C\u00e1ch l\u1ea5y s\u1ed1 \u0111o c\u1ed5 tay v\u00e0 ch\u1ecdn chi\u1ec1u d\u00e0i v\u00f2ng ?<\/h6>\t\t\t\t\t\t<\/div>\n\t\t\t\t\t\t\t\t\t\t\t\t\t<div class=\"accordion-icons\">\n\t\t\t\t\t\t\t\t<span\n\t\t\t\t\t\t\t\t\tclass=\"accordion-icon opened-icon\"><i class=\"far fa-angle-down\"><\/i><\/span>\n\t\t\t\t\t\t\t\t<span\n\t\t\t\t\t\t\t\t\tclass=\"accordion-icon closed-icon\"><i class=\"far fa-angle-up\"><\/i><\/span>\n\t\t\t\t\t\t\t<\/div>\n\t\t\t\t\t\t\t\t\t\t\t<\/div>\n\t\t\t\t\t<div class=\"accordion-content\">\n\t\t\t\t\t\t<ul><li>C\u00e1c b\u1ea1n d\u00f9ng th\u01b0\u1edbc d\u00e2y qu\u1ea5n quanh c\u1ed5 tay \u0111eo v\u00f2ng s\u1ebd ra s\u1ed1 \u0111o. \u0110\u1ec3 s\u1ed1 \u0111o \u0111\u01b0\u1ee3c ch\u00ednh x\u00e1c c\u00e1c b\u1ea1n \u0111o s\u00e1t c\u1ed5 tay kh\u00f4ng \u00e9p v\u00e0o ph\u1ea7n th\u1ecbt.<\/li><li>\u0110\u1ed1i v\u1edbi \u0111\u00e1 2-3ly s\u1ebd l\u1ea5y s\u1ed1 \u0111o c\u1ed5 tay c\u1ed9ng th\u00eam 1-1.5cm v\u00e0 \u0111\u1ed1i v\u1edbi \u0111\u00e1 t\u1eeb 4ly tr\u1edf l\u00ean s\u1ebd c\u1ed9ng 1.5-2cm. V\u00ed d\u1ee5 c\u1ed5 tay 14cm th\u00ec \u0111\u1ed1i v\u1edbi \u0111\u00e1 2-3ly s\u1ebd ch\u1ecdn chi\u1ec1u d\u00e0i 15-15.5cm v\u00e0 \u0111\u00e1 4ly tr\u1edf l\u00ean s\u1ebd ch\u1ecdn 15.5-16cm.<\/li><li>Tuy nhi\u00ean c\u00e1ch tr\u00ean ch\u1ec9 d\u00f9ng \u0111\u1ec3 tham kh\u1ea3o v\u00ec m\u1ed7i kh\u00e1ch h\u00e0ng s\u1ebd c\u00f3 s\u1ef1 &#8220;v\u1eeba&#8221; r\u1ea5t kh\u00e1c nhau, ho\u1eb7c m\u1ed9t s\u1ed1 ki\u1ec3u v\u00f2ng d\u1ea1ng \u0111eo ngang&#8230;c\u0169ng c\u00f3 c\u00e1ch \u0111o kh\u00e1c. N\u1ebfu g\u1eb7p kh\u00f3 kh\u0103n trong vi\u1ec7c n\u00e0y, c\u00e1c b\u1ea1n c\u00f3 th\u1ec3 g\u1eedi s\u1ed1 \u0111o cho shop \u0111\u1ec3 \u0111\u01b0\u1ee3c t\u01b0 v\u1ea5n ph\u00f9 h\u1ee3p.<\/li><\/ul>\t\t\t\t\t<\/div>\n\t\t\t\t<\/div>\n\t\t\t\t\t\t\t<div class=\"accordion-section\">\n\t\t\t\t\t<div class=\"accordion-header\">\n\t\t\t\t\t\t<div class=\"accordion-title-wrapper\">\n\t\t\t\t\t\t\t<h6 class=\"accordion-title\">3. H\u01b0\u1edbng d\u1eabn s\u1eed d\u1ee5ng v\u00e0 b\u1ea3o qu\u1ea3n s\u1ea3n ph\u1ea9m ?<\/h6>\t\t\t\t\t\t<\/div>\n\t\t\t\t\t\t\t\t\t\t\t\t\t<div class=\"accordion-icons\">\n\t\t\t\t\t\t\t\t<span\n\t\t\t\t\t\t\t\t\tclass=\"accordion-icon opened-icon\"><i class=\"far fa-angle-down\"><\/i><\/span>\n\t\t\t\t\t\t\t\t<span\n\t\t\t\t\t\t\t\t\tclass=\"accordion-icon closed-icon\"><i class=\"far fa-angle-up\"><\/i><\/span>\n\t\t\t\t\t\t\t<\/div>\n\t\t\t\t\t\t\t\t\t\t\t<\/div>\n\t\t\t\t\t<div class=\"accordion-content\">\n\t\t\t\t\t\t<p>-H\u1ea1n ch\u1ebf \u0111eo v\u00f2ng khi v\u1eadn \u0111\u1ed9ng m\u1ea1nh, l\u00e0m vi\u1ec7c nh\u00e0.<br \/>-H\u1ea1n ch\u1ebf ti\u1ebfp x\u00fac v\u1edbi m\u1ed3 h\u00f4i, ho\u00e1 ch\u1ea5t, c\u00e1c ch\u1ea5t t\u1ea9y r\u1eeda.<br \/>-L\u01b0u \u00fd nh\u1eb9 tay khi \u0111\u1eb7t tay l\u00ean b\u1ec1 m\u1eb7t c\u1ee9ng.<br \/>-Tr\u00e1nh c\u00e1c v\u1eadt nh\u1ecdn, b\u00e9n c\u00f3 th\u1ec3 l\u00e0m \u0111\u1ee9t d\u00e2y x\u1ecf v\u00f2ng.<\/p><ul><li>\u0110\u1ed1i v\u1edbi \u0111\u00e1 : gi\u00fap \u0111\u00e1 tr\u00e1nh b\u1ecb t\u00e1c \u0111\u1ed9ng m\u1ea1nh g\u00e2y ra c\u00e1c v\u1ebft n\u1ee9t. Ho\u00e1 ch\u1ea5t khi ti\u1ebfp x\u00fac s\u1ebd t\u1ea1o th\u00e0nh m\u1ed9t l\u1edbp mang m\u1ecfng bao quanh vi\u00ean \u0111\u00e1 r\u1ea5t kh\u00f3 t\u1ea9y r\u1eeda h\u1ebft \u0111\u01b0\u1ee3c, qua th\u1eddi gian b\u1ee5i b\u1ea9n s\u1ebd l\u00e0m thay \u0111\u1ed5i m\u00e0u s\u1eafc v\u00e0 \u0111\u1ed9 s\u00e1ng b\u00f3ng c\u1ee7a chi\u1ebfc v\u00f2ng, c\u00e0ng s\u1eed d\u1ee5ng ch\u00fang c\u00e0ng m\u1edd \u0111\u1ee5c v\u00e0 m\u1ea5t th\u1ea9m m\u1ef9.<\/li><\/ul><ul><li>\u0110\u1ed1i v\u1edbi ph\u1ee5 ki\u1ec7n ( bi, kho\u00e1, charms): \u0111\u00e2y l\u00e0 h\u1ee3p kim xi m\u1ea1 v\u00e0ng\/b\u1ea1c n\u00ean h\u1ea1n ch\u1ebf \u0111eo su\u1ed1t s\u1ebd nhanh l\u00e0m oxy ho\u00e1 l\u1edbp b\u1ec1 m\u1eb7t v\u00e0 gi\u1ea3m th\u1ea9m m\u1ef9 tuy nhi\u00ean v\u1ec1 ch\u1ee9c n\u0103ng c\u1ee7a kho\u00e1 th\u00ec v\u1eabn c\u00f2n nguy\u00ean v\u1eb9n.<\/li><\/ul>\t\t\t\t\t<\/div>\n\t\t\t\t<\/div>\n\t\t\t\t\t\t\t<div class=\"accordion-section\">\n\t\t\t\t\t<div class=\"accordion-header\">\n\t\t\t\t\t\t<div class=\"accordion-title-wrapper\">\n\t\t\t\t\t\t\t<h6 class=\"accordion-title\">5. Ch\u00ednh s\u00e1ch b\u1ea3o h\u00e0nh s\u1ea3n ph\u1ea9m ?<\/h6>\t\t\t\t\t\t<\/div>\n\t\t\t\t\t\t\t\t\t\t\t\t\t<div class=\"accordion-icons\">\n\t\t\t\t\t\t\t\t<span\n\t\t\t\t\t\t\t\t\tclass=\"accordion-icon opened-icon\"><i class=\"far fa-angle-down\"><\/i><\/span>\n\t\t\t\t\t\t\t\t<span\n\t\t\t\t\t\t\t\t\tclass=\"accordion-icon closed-icon\"><i class=\"far fa-angle-up\"><\/i><\/span>\n\t\t\t\t\t\t\t<\/div>\n\t\t\t\t\t\t\t\t\t\t\t<\/div>\n\t\t\t\t\t<div class=\"accordion-content\">\n\t\t\t\t\t\t<p>B\u1ea3o h\u00e0nh \u0111\u1ed1i v\u1edbi c\u00e1c s\u1ea3n ph\u1ea9m Erialshop:<\/p><ul><li>Erialshop b\u1ea3o h\u00e0nh k\u1ef9 thu\u1eadt trong 30 ng\u00e0y t\u1eeb l\u00fac nh\u1eadn h\u00e0ng: d\u00e2y x\u1ecf, kho\u00e1 c\u00e0i\u2026.N\u1ebfu trong th\u1eddi gian n\u00e0y kh\u00f4ng may trong qu\u00e1 tr\u00ecnh s\u1eed d\u1ee5ng s\u1ea3n ph\u1ea9m b\u1ecb h\u01b0 kh\u00f3a, d\u00e2y \u0111\u1ee9t ( c\u00f2n nguy\u00ean v\u1eb9n s\u1ed1 h\u1ea1t, ph\u1ee5 ki\u1ec7n \u0111i k\u00e8m) &#8230; xin vui l\u00f2ng \u0111\u1ebfn shop, ch\u00fang t\u00f4i s\u1ebd h\u1ed7 tr\u1ee3 thay m\u1edbi ph\u1ee5 ki\u1ec7n, x\u1ecf l\u1ea1i cho b\u1ea1n ho\u00e0n to\u00e0n mi\u1ec5n ph\u00ed.<\/li><li>Kh\u00f4ng b\u1ea3o h\u00e0nh v\u1ec1 ph\u1ee5 ki\u1ec7n, d\u00e2y x\u1ecf do li\u00ean quan \u0111\u1ebfn qu\u00e1 tr\u00ecnh s\u1eed d\u1ee5ng v\u00e0 b\u1ea3o qu\u1ea3n c\u1ee7a kh\u00e1ch h\u00e0ng.<\/li><li>N\u1ebfu qu\u00fd kh\u00e1ch mu\u1ed1n thay kho\u00e1 c\u00e0i \u0111\u00e3 c\u0169 sau th\u1eddi gian s\u1eed d\u1ee5ng, vui l\u00f2ng nh\u1eafn tin cho shop \u0111\u01b0\u1ee3c b\u00e1o ph\u00ed ( h\u1ed7 tr\u1ee3 x\u1ecf mi\u1ec5n ph\u00ed, ch\u1ec9 t\u00ednh ph\u00ed c\u00e1c ph\u1ee5 ki\u1ec7n thay m\u1edbi hay th\u00eam h\u1ea1t\u2026.)<\/li><\/ul>\t\t\t\t\t<\/div>\n\t\t\t\t<\/div>\n\t\t\t\t\t\t\t<div class=\"accordion-section\">\n\t\t\t\t\t<div class=\"accordion-header\">\n\t\t\t\t\t\t<div class=\"accordion-title-wrapper\">\n\t\t\t\t\t\t\t<h6 class=\"accordion-title\">6.Th\u1eddi gian \u0111\u1eb7t h\u00e0ng v\u00e0 giao h\u00e0ng? <\/h6>\t\t\t\t\t\t<\/div>\n\t\t\t\t\t\t\t\t\t\t\t\t\t<div class=\"accordion-icons\">\n\t\t\t\t\t\t\t\t<span\n\t\t\t\t\t\t\t\t\tclass=\"accordion-icon opened-icon\"><i class=\"far fa-angle-down\"><\/i><\/span>\n\t\t\t\t\t\t\t\t<span\n\t\t\t\t\t\t\t\t\tclass=\"accordion-icon closed-icon\"><i class=\"far fa-angle-up\"><\/i><\/span>\n\t\t\t\t\t\t\t<\/div>\n\t\t\t\t\t\t\t\t\t\t\t<\/div>\n\t\t\t\t\t<div class=\"accordion-content\">\n\t\t\t\t\t\t<p>* N\u1ed9i v\u00e0 ngo\u1ea1i th\u00e0nh TP.HCM: Th\u1eddi gian giao h\u00e0ng l\u00e0 1-2 ng\u00e0y \u0111\u1ed1i v\u1edbi h\u00e0ng c\u00f3 s\u1eb5n v\u00e0 t\u1eeb 3-5 ng\u00e0y \u0111\u1ed1i v\u1edbi h\u00e0ng \u0111\u1eb7t l\u00e0m ri\u00eang theo size \u2013 kh\u00f4ng c\u00f3 s\u1eb5n.\u00a0<br \/>* C\u00e1c t\u1ec9nh th\u00e0nh kh\u00e1c: Th\u1eddi gian l\u00e0 3-4 ng\u00e0y \u0111\u1ed1i v\u1edbi h\u00e0ng c\u00f3 s\u1eb5n v\u00e0 t\u1eeb 5-6 ng\u00e0y \u0111\u1ed1i v\u1edbi h\u00e0ng \u0111\u1eb7t l\u00e0m ri\u00eang theo size \u2013 kh\u00f4ng c\u00f3 s\u1eb5n.\u00a0<\/p>\t\t\t\t\t<\/div>\n\t\t\t\t<\/div>\n\t\t\t\t\t\t\t<div class=\"accordion-section\">\n\t\t\t\t\t<div class=\"accordion-header\">\n\t\t\t\t\t\t<div class=\"accordion-title-wrapper\">\n\t\t\t\t\t\t\t<h6 class=\"accordion-title\">7. Shop x\u1ecf v\u00f2ng b\u1eb1ng d\u00e2y g\u00ec ?<\/h6>\t\t\t\t\t\t<\/div>\n\t\t\t\t\t\t\t\t\t\t\t\t\t<div class=\"accordion-icons\">\n\t\t\t\t\t\t\t\t<span\n\t\t\t\t\t\t\t\t\tclass=\"accordion-icon opened-icon\"><i class=\"far fa-angle-down\"><\/i><\/span>\n\t\t\t\t\t\t\t\t<span\n\t\t\t\t\t\t\t\t\tclass=\"accordion-icon closed-icon\"><i class=\"far fa-angle-up\"><\/i><\/span>\n\t\t\t\t\t\t\t<\/div>\n\t\t\t\t\t\t\t\t\t\t\t<\/div>\n\t\t\t\t\t<div class=\"accordion-content\">\n\t\t\t\t\t\t<ul><li>D\u00e2y x\u1ecf v\u00f2ng g\u1ed3m hai lo\u1ea1i: d\u00e2y thun(co gi\u00e3n) x\u1ecf cho c\u00e1c lo\u1ea1i \u0111\u00e1 c\u00f3 k\u00edch th\u01b0\u1edbc t\u1eeb 5ly \u0111\u1ed5 l\u00ean.<\/li><li>V\u00e0 d\u00e2y c\u01b0\u1edbc (kh\u00f4ng co gi\u00e3n) d\u00f9ng cho c\u00e1c h\u1ea1t \u0111\u00e1 c\u00f3 l\u1ed7 nh\u1ecf ph\u1ed1i v\u1edbi kho\u00e1 nh\u01b0 2ly,3ly, 4ly&#8230;<\/li><\/ul>\t\t\t\t\t<\/div>\n\t\t\t\t<\/div>\n\t\t\t\t\t\t\t<div class=\"accordion-section\">\n\t\t\t\t\t<div class=\"accordion-header\">\n\t\t\t\t\t\t<div class=\"accordion-title-wrapper\">\n\t\t\t\t\t\t\t<h6 class=\"accordion-title\">8. Ph\u1ee5 ki\u1ec7n l\u00e0 ch\u1ea5t li\u1ec7u g\u00ec ?<\/h6>\t\t\t\t\t\t<\/div>\n\t\t\t\t\t\t\t\t\t\t\t\t\t<div class=\"accordion-icons\">\n\t\t\t\t\t\t\t\t<span\n\t\t\t\t\t\t\t\t\tclass=\"accordion-icon opened-icon\"><i class=\"far fa-angle-down\"><\/i><\/span>\n\t\t\t\t\t\t\t\t<span\n\t\t\t\t\t\t\t\t\tclass=\"accordion-icon closed-icon\"><i class=\"far fa-angle-up\"><\/i><\/span>\n\t\t\t\t\t\t\t<\/div>\n\t\t\t\t\t\t\t\t\t\t\t<\/div>\n\t\t\t\t\t<div class=\"accordion-content\">\n\t\t\t\t\t\t<p>\u0110\u1ed1i v\u1edbi ph\u1ee5 ki\u1ec7n ( bi, kho\u00e1, charms): \u0111\u00e2y l\u00e0 h\u1ee3p kim xi m\u1ea1 v\u00e0ng\/b\u1ea1c n\u00ean h\u1ea1n ch\u1ebf \u0111eo su\u1ed1t s\u1ebd nhanh l\u00e0m oxy ho\u00e1 l\u1edbp b\u1ec1 m\u1eb7t v\u00e0 gi\u1ea3m th\u1ea9m m\u1ef9 tuy nhi\u00ean v\u1ec1 ch\u1ee9c n\u0103ng c\u1ee7a kho\u00e1 th\u00ec v\u1eabn c\u00f2n nguy\u00ean v\u1eb9n.<\/p>\t\t\t\t\t<\/div>\n\t\t\t\t<\/div>\n\t\t\t\t\t\t\t<div class=\"accordion-section\">\n\t\t\t\t\t<div class=\"accordion-header\">\n\t\t\t\t\t\t<div class=\"accordion-title-wrapper\">\n\t\t\t\t\t\t\t<h6 class=\"accordion-title\">9. Mua l\u00e0m qu\u00e0 t\u1eb7ng ?<\/h6>\t\t\t\t\t\t<\/div>\n\t\t\t\t\t\t\t\t\t\t\t\t\t<div class=\"accordion-icons\">\n\t\t\t\t\t\t\t\t<span\n\t\t\t\t\t\t\t\t\tclass=\"accordion-icon opened-icon\"><i class=\"far fa-angle-down\"><\/i><\/span>\n\t\t\t\t\t\t\t\t<span\n\t\t\t\t\t\t\t\t\tclass=\"accordion-icon closed-icon\"><i class=\"far fa-angle-up\"><\/i><\/span>\n\t\t\t\t\t\t\t<\/div>\n\t\t\t\t\t\t\t\t\t\t\t<\/div>\n\t\t\t\t\t<div class=\"accordion-content\">\n\t\t\t\t\t\t<p>Trong c\u00e1c tr\u01b0\u1eddng h\u1ee3p cho t\u1eb7ng m\u00e0 c\u00e1c b\u1ea1n kh\u00f4ng th\u1ec3 c\u00f3 \u0111\u01b0\u1ee3c s\u1ed1 \u0111o c\u1ed5 tay c\u1ee7a h\u1ecd th\u00ec shop c\u00f3 th\u1ec3 h\u1ed7 tr\u1ee3 v\u00e0 t\u01b0 v\u1ea5n \u00e1n ch\u1eebng tay c\u1ee7a ng\u01b0\u1eddi \u0111\u01b0\u1ee3c t\u1eb7ng nh\u00e9.<\/p>\t\t\t\t\t<\/div>\n\t\t\t\t<\/div>\n\t\t\t\t\t\t\t<div class=\"accordion-section\">\n\t\t\t\t\t<div class=\"accordion-header\">\n\t\t\t\t\t\t<div class=\"accordion-title-wrapper\">\n\t\t\t\t\t\t\t<h6 class=\"accordion-title\">10. C\u00e1ch t\u1ef1 l\u1ecdc s\u1ea3n ph\u1ea9m theo \u00fd th\u00edch tr\u00ean website ?<\/h6>\t\t\t\t\t\t<\/div>\n\t\t\t\t\t\t\t\t\t\t\t\t\t<div class=\"accordion-icons\">\n\t\t\t\t\t\t\t\t<span\n\t\t\t\t\t\t\t\t\tclass=\"accordion-icon opened-icon\"><i class=\"far fa-angle-down\"><\/i><\/span>\n\t\t\t\t\t\t\t\t<span\n\t\t\t\t\t\t\t\t\tclass=\"accordion-icon closed-icon\"><i class=\"far fa-angle-up\"><\/i><\/span>\n\t\t\t\t\t\t\t<\/div>\n\t\t\t\t\t\t\t\t\t\t\t<\/div>\n\t\t\t\t\t<div class=\"accordion-content\">\n\t\t\t\t\t\t<p>C\u00e1c b\u1ea1n v\u00e0o trang S\u1ea3n Ph\u1ea9m, b\u00ean tay tr\u00e1i ch\u1eef &#8221; B\u1ed9 L\u1ecdc&#8221; &#8211; b\u1ea5m v\u00e0o \u0111\u1ec3 lo\u1ea1i theo c\u00e1c t\u1ec7p \u0111\u01b0\u1ee3c chia s\u1eb5n nh\u01b0: <br \/>L\u1ecdc theo lo\u1ea1i s\u1ea3n ph\u1ea9m, m\u1ec7nh phong thu\u1ef3, m\u00e0u s\u1eafc, gi\u00e1 ti\u1ec1n, k\u00edch th\u01b0\u1edbc h\u1ea1t, ki\u1ec3u d\u00e2y, t\u00ean lo\u1ea1i \u0111\u00e1, gi\u1ea3m gi\u00e1.<\/p>\t\t\t\t\t<\/div>\n\t\t\t\t<\/div>\n\t\t\t\t\t\t\t<div class=\"accordion-section\">\n\t\t\t\t\t<div class=\"accordion-header\">\n\t\t\t\t\t\t<div class=\"accordion-title-wrapper\">\n\t\t\t\t\t\t\t<h6 class=\"accordion-title\">11. Mua v\u00f2ng \u1edf Erialshop c\u00f3 c\u1ea7n thanh t\u1ea9y tr\u01b0\u1edbc khi \u0111eo kh\u00f4ng ? <\/h6>\t\t\t\t\t\t<\/div>\n\t\t\t\t\t\t\t\t\t\t\t\t\t<div class=\"accordion-icons\">\n\t\t\t\t\t\t\t\t<span\n\t\t\t\t\t\t\t\t\tclass=\"accordion-icon opened-icon\"><i class=\"far fa-angle-down\"><\/i><\/span>\n\t\t\t\t\t\t\t\t<span\n\t\t\t\t\t\t\t\t\tclass=\"accordion-icon closed-icon\"><i class=\"far fa-angle-up\"><\/i><\/span>\n\t\t\t\t\t\t\t<\/div>\n\t\t\t\t\t\t\t\t\t\t\t<\/div>\n\t\t\t\t\t<div class=\"accordion-content\">\n\t\t\t\t\t\t<p>Shop \u0111\u00e3 thanh t\u1ea9y tr\u01b0\u1edbc khi cho s\u1ea3n ph\u1ea9m v\u00e0o h\u1ed9p v\u00e0o chuy\u1ec3n \u0111\u1ebfn tay c\u00e1c b\u1ea1n &#8211; \u0111\u1ec3 kh\u00f4ng c\u00f2n nhi\u1ec5m c\u00e1c n\u0103ng l\u01b0\u1ee3ng t\u1eeb tay ng\u01b0\u1eddi th\u1ee3 x\u1ecf v\u00f2ng ho\u1eb7c trong qu\u00e1 tr\u00ecnh nh\u1eadp nguy\u00ean v\u1eadt li\u1ec7u.<\/p><p>N\u1ebfu c\u00e1c b\u1ea1n c\u1ea9n th\u1eadn h\u01a1n c\u00f3 th\u1ec3 l\u00e0m th\u00eam l\u1ea7n n\u1eefa, k\u0129 thu\u1eadt thanh t\u1ea9y hi\u1ec7n c\u00f3 r\u1ea5t nhi\u1ec1u lo\u1ea1i \u0111\u1ec3 l\u1ef1a ch\u1ecdn tu\u1ef3 theo s\u1ef1 thu\u1eadn ti\u1ec7n v\u00e0 ph\u00f9 h\u1ee3p v\u1edbi c\u00e1c b\u1ea1n nh\u00e9.<\/p>\t\t\t\t\t<\/div>\n\t\t\t\t<\/div>\n\t\t\t\t\t<\/div>\n\t\t\t\t\t\t<\/div>\n\t\t\t\t<\/div>\n\t\t\t\t\t<\/div>\n\t\t<\/div>\n\t\t\t\t\t<\/div>\n\t\t<\/section>\n\t\t\t\t<\/div>\n\t\t","protected":false},"excerpt":{"rendered":"<p>C\u00e1c c\u00e2u h\u1ecfi th\u01b0\u1eddng g\u1eb7p. D\u01b0\u1edbi \u0111\u00e2y l\u00e0 nh\u1eefng c\u00e2u h\u1ecfi th\u01b0\u1eddng g\u1eb7p \u0111\u01b0\u1ee3c t\u1ed5ng h\u1ee3p d\u1ef1a tr\u00ean \u0111\u1ed9 ph\u1ed5 bi\u1ebfn nh\u1ea5t. N\u1ebfu c\u00f3 b\u1ea5t k\u1ef3 th\u1eafc m\u1eafc n\u00e0o c\u1ea7n h\u1ed7 tr\u1ee3 gi\u1ea3i \u0111\u00e1p h\u00e3y li\u00ean h\u1ec7 \u0111\u1ec3 ErialShop h\u1ed7 tr\u1ee3 b\u1ea1n nh\u00e9! 1. Erialshop c\u00f3 c\u1eeda h\u00e0ng hay kh\u00f4ng? Erialshop l\u00e0 c\u1eeda h\u00e0ng tr\u1ef1c tuy\u1ebfn (online shop) v\u00e0 hi\u1ec7n ch\u01b0a c\u00f3 c\u1eeda h\u00e0ng, m\u1ecdi giao d\u1ecbch c\u1ee7a c\u00e1c b\u1ea1n \u0111\u1ec3u \u0111\u01b0\u1ee3c t\u01b0 v\u1ea5n k\u1ec9 l\u01b0\u1ee1ng v\u00e0 \u0111\u01b0\u1ee3c shop cung c\u1ea5p \u0111\u1ea7y \u0111\u1ee7 h\u1ec9nh \u1ea3nh th\u1eadt c\u1ee7a s\u1ea3n ph\u1ea9m theo y\u00eau c\u1ea7u.Trong tr\u01b0\u1eddng h\u1ee3p mang \u0111\u1ebfn shop \u0111\u1ec3 b\u1ea3o h\u00e0nh, c\u00e1c b\u1ea1n vui l\u00f2ng li\u00ean h\u1ec7 shop l\u1ea5y \u0111\u1ecba ch\u1ec9 nh\u00e9. 2. C\u00e1ch l\u1ea5y s\u1ed1 \u0111o c\u1ed5 tay v\u00e0 ch\u1ecdn chi\u1ec1u d\u00e0i v\u00f2ng ? C\u00e1c b\u1ea1n d\u00f9ng th\u01b0\u1edbc d\u00e2y qu\u1ea5n quanh c\u1ed5 tay \u0111eo v\u00f2ng s\u1ebd ra s\u1ed1 \u0111o. \u0110\u1ec3 s\u1ed1 \u0111o \u0111\u01b0\u1ee3c ch\u00ednh x\u00e1c c\u00e1c b\u1ea1n \u0111o s\u00e1t c\u1ed5 tay kh\u00f4ng \u00e9p v\u00e0o ph\u1ea7n th\u1ecbt. \u0110\u1ed1i v\u1edbi \u0111\u00e1 2-3ly s\u1ebd l\u1ea5y s\u1ed1 \u0111o c\u1ed5 tay c\u1ed9ng th\u00eam 1-1.5cm v\u00e0 \u0111\u1ed1i v\u1edbi \u0111\u00e1 t\u1eeb 4ly tr\u1edf l\u00ean s\u1ebd c\u1ed9ng 1.5-2cm. V\u00ed d\u1ee5 c\u1ed5 tay 14cm th\u00ec \u0111\u1ed1i v\u1edbi \u0111\u00e1 2-3ly s\u1ebd ch\u1ecdn chi\u1ec1u d\u00e0i 15-15.5cm v\u00e0 \u0111\u00e1 4ly tr\u1edf l\u00ean s\u1ebd ch\u1ecdn 15.5-16cm. Tuy nhi\u00ean c\u00e1ch tr\u00ean ch\u1ec9 d\u00f9ng \u0111\u1ec3 tham kh\u1ea3o v\u00ec m\u1ed7i kh\u00e1ch h\u00e0ng s\u1ebd c\u00f3 s\u1ef1 &#8220;v\u1eeba&#8221; r\u1ea5t kh\u00e1c nhau, ho\u1eb7c m\u1ed9t s\u1ed1 ki\u1ec3u v\u00f2ng d\u1ea1ng \u0111eo ngang&#8230;c\u0169ng c\u00f3 c\u00e1ch \u0111o kh\u00e1c. N\u1ebfu g\u1eb7p kh\u00f3 kh\u0103n trong vi\u1ec7c n\u00e0y, c\u00e1c b\u1ea1n c\u00f3 th\u1ec3 g\u1eedi s\u1ed1 \u0111o cho shop \u0111\u1ec3 \u0111\u01b0\u1ee3c t\u01b0 v\u1ea5n ph\u00f9 h\u1ee3p. 3. H\u01b0\u1edbng d\u1eabn s\u1eed d\u1ee5ng v\u00e0 b\u1ea3o qu\u1ea3n s\u1ea3n ph\u1ea9m ? -H\u1ea1n ch\u1ebf \u0111eo v\u00f2ng khi v\u1eadn \u0111\u1ed9ng m\u1ea1nh, l\u00e0m vi\u1ec7c nh\u00e0.-H\u1ea1n ch\u1ebf ti\u1ebfp x\u00fac v\u1edbi m\u1ed3 h\u00f4i, ho\u00e1 ch\u1ea5t, c\u00e1c ch\u1ea5t t\u1ea9y r\u1eeda.-L\u01b0u \u00fd nh\u1eb9 tay khi \u0111\u1eb7t tay l\u00ean b\u1ec1 m\u1eb7t c\u1ee9ng.-Tr\u00e1nh c\u00e1c v\u1eadt nh\u1ecdn, b\u00e9n c\u00f3 th\u1ec3 l\u00e0m \u0111\u1ee9t d\u00e2y x\u1ecf v\u00f2ng. \u0110\u1ed1i v\u1edbi \u0111\u00e1 : gi\u00fap \u0111\u00e1 tr\u00e1nh b\u1ecb t\u00e1c \u0111\u1ed9ng m\u1ea1nh g\u00e2y ra c\u00e1c v\u1ebft n\u1ee9t. Ho\u00e1 ch\u1ea5t khi ti\u1ebfp x\u00fac s\u1ebd t\u1ea1o th\u00e0nh m\u1ed9t l\u1edbp mang m\u1ecfng bao quanh vi\u00ean \u0111\u00e1 r\u1ea5t kh\u00f3 t\u1ea9y r\u1eeda h\u1ebft \u0111\u01b0\u1ee3c, qua th\u1eddi gian b\u1ee5i b\u1ea9n s\u1ebd l\u00e0m thay \u0111\u1ed5i m\u00e0u s\u1eafc v\u00e0 \u0111\u1ed9 s\u00e1ng b\u00f3ng c\u1ee7a chi\u1ebfc v\u00f2ng, c\u00e0ng s\u1eed d\u1ee5ng ch\u00fang c\u00e0ng m\u1edd \u0111\u1ee5c v\u00e0 m\u1ea5t th\u1ea9m m\u1ef9. \u0110\u1ed1i v\u1edbi ph\u1ee5 ki\u1ec7n ( bi, kho\u00e1, charms): \u0111\u00e2y l\u00e0 h\u1ee3p kim xi m\u1ea1 v\u00e0ng\/b\u1ea1c n\u00ean h\u1ea1n ch\u1ebf \u0111eo su\u1ed1t s\u1ebd nhanh l\u00e0m oxy ho\u00e1 l\u1edbp b\u1ec1 m\u1eb7t v\u00e0 gi\u1ea3m th\u1ea9m m\u1ef9 tuy nhi\u00ean v\u1ec1 ch\u1ee9c n\u0103ng c\u1ee7a kho\u00e1 th\u00ec v\u1eabn c\u00f2n nguy\u00ean v\u1eb9n. 5. Ch\u00ednh s\u00e1ch b\u1ea3o h\u00e0nh s\u1ea3n ph\u1ea9m ? B\u1ea3o h\u00e0nh \u0111\u1ed1i v\u1edbi c\u00e1c s\u1ea3n ph\u1ea9m Erialshop: Erialshop b\u1ea3o h\u00e0nh k\u1ef9 thu\u1eadt trong 30 ng\u00e0y t\u1eeb l\u00fac nh\u1eadn h\u00e0ng: d\u00e2y x\u1ecf, kho\u00e1 c\u00e0i\u2026.N\u1ebfu trong th\u1eddi gian n\u00e0y kh\u00f4ng may trong qu\u00e1 tr\u00ecnh s\u1eed d\u1ee5ng s\u1ea3n ph\u1ea9m b\u1ecb h\u01b0 kh\u00f3a, d\u00e2y \u0111\u1ee9t ( c\u00f2n nguy\u00ean v\u1eb9n s\u1ed1 h\u1ea1t, ph\u1ee5 ki\u1ec7n \u0111i k\u00e8m) &#8230; xin vui l\u00f2ng \u0111\u1ebfn shop, ch\u00fang t\u00f4i s\u1ebd h\u1ed7 tr\u1ee3 thay m\u1edbi ph\u1ee5 ki\u1ec7n, x\u1ecf l\u1ea1i cho b\u1ea1n ho\u00e0n to\u00e0n mi\u1ec5n ph\u00ed. Kh\u00f4ng b\u1ea3o h\u00e0nh v\u1ec1 ph\u1ee5 ki\u1ec7n, d\u00e2y x\u1ecf do li\u00ean quan \u0111\u1ebfn qu\u00e1 tr\u00ecnh s\u1eed d\u1ee5ng v\u00e0 b\u1ea3o qu\u1ea3n c\u1ee7a kh\u00e1ch h\u00e0ng. N\u1ebfu qu\u00fd kh\u00e1ch mu\u1ed1n thay kho\u00e1 c\u00e0i \u0111\u00e3 c\u0169 sau th\u1eddi gian s\u1eed d\u1ee5ng, vui l\u00f2ng nh\u1eafn tin cho shop \u0111\u01b0\u1ee3c b\u00e1o ph\u00ed ( h\u1ed7 tr\u1ee3 x\u1ecf mi\u1ec5n ph\u00ed, ch\u1ec9 t\u00ednh ph\u00ed c\u00e1c ph\u1ee5 ki\u1ec7n thay m\u1edbi hay th\u00eam h\u1ea1t\u2026.) 6.Th\u1eddi gian \u0111\u1eb7t h\u00e0ng v\u00e0 giao h\u00e0ng? * N\u1ed9i v\u00e0 ngo\u1ea1i th\u00e0nh TP.HCM: Th\u1eddi gian giao h\u00e0ng l\u00e0 1-2 ng\u00e0y \u0111\u1ed1i v\u1edbi h\u00e0ng c\u00f3 s\u1eb5n v\u00e0 t\u1eeb 3-5 ng\u00e0y \u0111\u1ed1i v\u1edbi h\u00e0ng \u0111\u1eb7t l\u00e0m ri\u00eang theo size \u2013 kh\u00f4ng c\u00f3 s\u1eb5n.\u00a0* C\u00e1c t\u1ec9nh th\u00e0nh kh\u00e1c: Th\u1eddi gian l\u00e0 3-4 ng\u00e0y \u0111\u1ed1i v\u1edbi h\u00e0ng c\u00f3 s\u1eb5n v\u00e0 t\u1eeb 5-6 ng\u00e0y \u0111\u1ed1i v\u1edbi h\u00e0ng \u0111\u1eb7t l\u00e0m ri\u00eang theo size \u2013 kh\u00f4ng c\u00f3 s\u1eb5n.\u00a0 7. Shop x\u1ecf v\u00f2ng b\u1eb1ng d\u00e2y g\u00ec ? D\u00e2y x\u1ecf v\u00f2ng g\u1ed3m hai lo\u1ea1i: d\u00e2y thun(co gi\u00e3n) x\u1ecf cho c\u00e1c lo\u1ea1i \u0111\u00e1 c\u00f3 k\u00edch th\u01b0\u1edbc t\u1eeb 5ly \u0111\u1ed5 l\u00ean. V\u00e0 d\u00e2y c\u01b0\u1edbc (kh\u00f4ng co gi\u00e3n) d\u00f9ng cho c\u00e1c h\u1ea1t \u0111\u00e1 c\u00f3 l\u1ed7 nh\u1ecf ph\u1ed1i v\u1edbi kho\u00e1 nh\u01b0 2ly,3ly, 4ly&#8230; 8. Ph\u1ee5 ki\u1ec7n l\u00e0 ch\u1ea5t li\u1ec7u g\u00ec ? \u0110\u1ed1i v\u1edbi ph\u1ee5 ki\u1ec7n ( bi, kho\u00e1, charms): \u0111\u00e2y l\u00e0 h\u1ee3p kim xi m\u1ea1 v\u00e0ng\/b\u1ea1c n\u00ean h\u1ea1n ch\u1ebf \u0111eo su\u1ed1t s\u1ebd nhanh l\u00e0m oxy ho\u00e1 l\u1edbp b\u1ec1 m\u1eb7t v\u00e0 gi\u1ea3m th\u1ea9m m\u1ef9 tuy nhi\u00ean v\u1ec1 ch\u1ee9c n\u0103ng c\u1ee7a kho\u00e1 th\u00ec v\u1eabn c\u00f2n nguy\u00ean v\u1eb9n. 9. Mua l\u00e0m qu\u00e0 t\u1eb7ng ? Trong c\u00e1c tr\u01b0\u1eddng h\u1ee3p cho t\u1eb7ng m\u00e0 c\u00e1c b\u1ea1n kh\u00f4ng th\u1ec3 c\u00f3 \u0111\u01b0\u1ee3c s\u1ed1 \u0111o c\u1ed5 tay c\u1ee7a h\u1ecd th\u00ec shop c\u00f3 th\u1ec3 h\u1ed7 tr\u1ee3 v\u00e0 t\u01b0 v\u1ea5n \u00e1n ch\u1eebng tay c\u1ee7a ng\u01b0\u1eddi \u0111\u01b0\u1ee3c t\u1eb7ng nh\u00e9. 10. C\u00e1ch t\u1ef1 l\u1ecdc s\u1ea3n ph\u1ea9m theo \u00fd th\u00edch tr\u00ean website ? C\u00e1c b\u1ea1n v\u00e0o trang S\u1ea3n Ph\u1ea9m, b\u00ean tay tr\u00e1i ch\u1eef &#8221; B\u1ed9 L\u1ecdc&#8221; &#8211; b\u1ea5m v\u00e0o \u0111\u1ec3 lo\u1ea1i theo c\u00e1c t\u1ec7p \u0111\u01b0\u1ee3c chia s\u1eb5n nh\u01b0: L\u1ecdc theo lo\u1ea1i s\u1ea3n ph\u1ea9m, m\u1ec7nh phong thu\u1ef3, m\u00e0u s\u1eafc, gi\u00e1 ti\u1ec1n, k\u00edch th\u01b0\u1edbc h\u1ea1t, ki\u1ec3u d\u00e2y, t\u00ean lo\u1ea1i \u0111\u00e1, gi\u1ea3m gi\u00e1. 11. Mua v\u00f2ng \u1edf Erialshop c\u00f3 c\u1ea7n thanh t\u1ea9y tr\u01b0\u1edbc khi \u0111eo kh\u00f4ng ? Shop \u0111\u00e3 thanh t\u1ea9y tr\u01b0\u1edbc khi cho s\u1ea3n ph\u1ea9m v\u00e0o h\u1ed9p v\u00e0o chuy\u1ec3n \u0111\u1ebfn tay c\u00e1c b\u1ea1n &#8211; \u0111\u1ec3 kh\u00f4ng c\u00f2n nhi\u1ec5m c\u00e1c n\u0103ng l\u01b0\u1ee3ng t\u1eeb tay ng\u01b0\u1eddi th\u1ee3 x\u1ecf v\u00f2ng ho\u1eb7c trong qu\u00e1 tr\u00ecnh nh\u1eadp nguy\u00ean v\u1eadt li\u1ec7u. N\u1ebfu c\u00e1c b\u1ea1n c\u1ea9n th\u1eadn h\u01a1n c\u00f3 th\u1ec3 l\u00e0m th\u00eam l\u1ea7n n\u1eefa, k\u0129 thu\u1eadt thanh t\u1ea9y hi\u1ec7n c\u00f3 r\u1ea5t nhi\u1ec1u lo\u1ea1i \u0111\u1ec3 l\u1ef1a ch\u1ecdn tu\u1ef3 theo s\u1ef1 thu\u1eadn ti\u1ec7n v\u00e0 ph\u00f9 h\u1ee3p v\u1edbi c\u00e1c b\u1ea1n nh\u00e9.<\/p>\n","protected":false},"author":1,"featured_media":0,"parent":0,"menu_order":0,"comment_status":"closed","ping_status":"closed","template":"","meta":{"footnotes":""},"class_list":["post-331","page","type-page","status-publish","hentry","post-no-thumbnail"],"_links":{"self":[{"href":"https:\/\/www.erialshop.com\/index.php\/wp-json\/wp\/v2\/pages\/331","targetHints":{"allow":["GET"]}}],"collection":[{"href":"https:\/\/www.erialshop.com\/index.php\/wp-json\/wp\/v2\/pages"}],"about":[{"href":"https:\/\/www.erialshop.com\/index.php\/wp-json\/wp\/v2\/types\/page"}],"author":[{"embeddable":true,"href":"https:\/\/www.erialshop.com\/index.php\/wp-json\/wp\/v2\/users\/1"}],"replies":[{"embeddable":true,"href":"https:\/\/www.erialshop.com\/index.php\/wp-json\/wp\/v2\/comments?post=331"}],"version-history":[{"count":27,"href":"https:\/\/www.erialshop.com\/index.php\/wp-json\/wp\/v2\/pages\/331\/revisions"}],"predecessor-version":[{"id":25684,"href":"https:\/\/www.erialshop.com\/index.php\/wp-json\/wp\/v2\/pages\/331\/revisions\/25684"}],"wp:attachment":[{"href":"https:\/\/www.erialshop.com\/index.php\/wp-json\/wp\/v2\/media?parent=331"}],"curies":[{"name":"wp","href":"https:\/\/api.w.org\/{rel}","templated":true}]}}