{"id":328,"date":"2021-11-26T09:38:47","date_gmt":"2021-11-26T09:38:47","guid":{"rendered":""},"modified":"2024-08-31T11:53:27","modified_gmt":"2024-08-31T04:53:27","slug":"about","status":"publish","type":"page","link":"https:\/\/www.erialshop.com\/index.php\/about\/","title":{"rendered":"V\u1ec1 ch\u00fang t\u00f4i"},"content":{"rendered":"\t\t<div data-elementor-type=\"wp-page\" data-elementor-id=\"328\" class=\"elementor elementor-328\">\n\t\t\t\t\t\t<section class=\"elementor-section elementor-top-section elementor-element elementor-element-4679952 elementor-section-boxed elementor-section-gap-beside-yes elementor-section-height-default elementor-section-height-default elementor-section-column-vertical-align-stretch\" data-id=\"4679952\" data-element_type=\"section\">\n\t\t\t\t\t\t<div class=\"elementor-container elementor-column-gap-extended\">\n\t\t\t\t\t<div class=\"elementor-column elementor-col-100 elementor-top-column elementor-element elementor-element-e2947b8\" data-id=\"e2947b8\" data-element_type=\"column\">\n\t\t\t<div class=\"elementor-widget-wrap elementor-element-populated\">\n\t\t\t\t\t\t<div class=\"elementor-element elementor-element-62517b8 elementor-widget elementor-widget-tm-modern-image\" data-id=\"62517b8\" data-element_type=\"widget\" data-widget_type=\"tm-modern-image.default\">\n\t\t\t\t<div class=\"elementor-widget-container\">\n\t\t\t\t\t\t\t<div class=\"tm-modern-image\">\n\t\t\t\t\t\t\t<div class=\"minimog-box\">\n\t\t\t\t\t<div class=\"minimog-image\">\t\t\t\t\t<m-image class=\"minimog-lazy-image\" style=\"--lazy-image-width: 350px;--lazy-image-height: 46.285714285714%;\" data-image-loading><img decoding=\"async\"  src=\"https:\/\/www.erialshop.com\/wp-content\/uploads\/2022\/12\/Erial-e1672420387521.png\" width=\"350\" height=\"162\" alt=\"Erial\" loading=\"lazy\" class=\"attachment-large size-large\" \/><\/m-image>\t\t\t\t\t<\/div>\t\t\t\t<\/div>\n\t\t\t\t\t\t\t\t\t\t<\/div>\n\t\t\t\t\t\t<\/div>\n\t\t\t\t<\/div>\n\t\t\t\t<div class=\"elementor-element elementor-element-f6993d4 elementor-widget elementor-widget-tm-heading\" data-id=\"f6993d4\" data-element_type=\"widget\" data-widget_type=\"tm-heading.default\">\n\t\t\t\t<div class=\"elementor-widget-container\">\n\t\t\t\t\t\t\t<div class=\"tm-modern-heading tm-modern-heading--style-02 tm-modern-heading--highlight-style-01\">\n\t\t\t\n\t\t\t\t\t<div class=\"heading-primary-wrap\">\n\t\t\t<h2 class=\"heading-primary elementor-heading-title\">Living out every single day and\nbe brave to show off your own true colors<\/h2>\t\t<\/div>\n\t\t\n\t\t\t\n\t\t\t\t\t<\/div>\n\t\t\t\t\t\t<\/div>\n\t\t\t\t<\/div>\n\t\t\t\t\t<\/div>\n\t\t<\/div>\n\t\t\t\t\t<\/div>\n\t\t<\/section>\n\t\t\t\t<section class=\"elementor-section elementor-top-section elementor-element elementor-element-322ccba elementor-section-boxed elementor-section-gap-beside-yes elementor-section-height-default elementor-section-height-default elementor-section-column-vertical-align-stretch\" data-id=\"322ccba\" data-element_type=\"section\">\n\t\t\t\t\t\t<div class=\"elementor-container elementor-column-gap-extended\">\n\t\t\t\t\t<div class=\"elementor-column elementor-col-100 elementor-top-column elementor-element elementor-element-d0e457e\" data-id=\"d0e457e\" data-element_type=\"column\">\n\t\t\t<div class=\"elementor-widget-wrap elementor-element-populated\">\n\t\t\t\t\t\t<section class=\"elementor-section elementor-inner-section elementor-element elementor-element-dda7167 elementor-section-boxed elementor-section-height-default elementor-section-height-default elementor-section-column-vertical-align-stretch\" data-id=\"dda7167\" data-element_type=\"section\">\n\t\t\t\t\t\t<div class=\"elementor-container elementor-column-gap-no\">\n\t\t\t\t\t<div class=\"elementor-column elementor-col-50 elementor-inner-column elementor-element elementor-element-886c5b0\" data-id=\"886c5b0\" data-element_type=\"column\">\n\t\t\t<div class=\"elementor-widget-wrap elementor-element-populated\">\n\t\t\t\t\t\t<div class=\"elementor-element elementor-element-a3061b8 elementor-widget elementor-widget-tm-modern-image\" data-id=\"a3061b8\" data-element_type=\"widget\" data-widget_type=\"tm-modern-image.default\">\n\t\t\t\t<div class=\"elementor-widget-container\">\n\t\t\t\t\t\t\t<div class=\"tm-modern-image\">\n\t\t\t\t\t\t\t<div class=\"minimog-box\">\n\t\t\t\t\t<div class=\"minimog-image\">\t\t\t\t\t<m-image class=\"minimog-lazy-image\" style=\"--lazy-image-width: 1280px;--lazy-image-height: 100%;\" data-image-loading><img decoding=\"async\"  src=\"https:\/\/www.erialshop.com\/wp-content\/uploads\/2023\/01\/Picture1.jpg\" width=\"1280\" height=\"1280\" alt=\"Picture1\" loading=\"lazy\" class=\"attachment-full size-full\" \/><\/m-image>\t\t\t\t\t<\/div>\t\t\t\t<\/div>\n\t\t\t\t\t\t\t\t\t\t<\/div>\n\t\t\t\t\t\t<\/div>\n\t\t\t\t<\/div>\n\t\t\t\t\t<\/div>\n\t\t<\/div>\n\t\t\t\t<div class=\"elementor-column elementor-col-50 elementor-inner-column elementor-element elementor-element-eac4677\" data-id=\"eac4677\" data-element_type=\"column\">\n\t\t\t<div class=\"elementor-widget-wrap elementor-element-populated\">\n\t\t\t\t\t\t<div class=\"elementor-element elementor-element-95e603c elementor-widget elementor-widget-tm-heading\" data-id=\"95e603c\" data-element_type=\"widget\" data-widget_type=\"tm-heading.default\">\n\t\t\t\t<div class=\"elementor-widget-container\">\n\t\t\t\t\t\t\t<div class=\"tm-modern-heading tm-modern-heading--style-01 tm-modern-heading--highlight-style-01\">\n\t\t\t\n\t\t\t\t\t<div class=\"heading-primary-wrap\">\n\t\t\t<h2 class=\"heading-primary elementor-heading-title\">Ch\u00fang t\u00f4i l\u00e0 ai?<\/h2>\t\t<\/div>\n\t\t\n\t\t\t\n\t\t\t\t\t<div class=\"heading-description-wrap\">\n\t\t\t<div class=\"heading-description\">\n\t\t\t\t<p>Erialshop l\u00e0 c\u1eeda h\u00e0ng tr\u1ef1c tuy\u1ebfn cung c\u1ea5p c\u00e1c s\u1ea3n ph\u1ea9m trang s\u1ee9c th\u1ee7 c\u00f4ng m\u00e0 shop t\u1ef1 l\u00ean m\u1eabu \u0111\u1ec3 \u0111\u00e1p \u1ee9ng nhu c\u1ea7u l\u00e0m \u0111\u1eb9p c\u1ee7a kh\u00e1ch h\u00e0ng.<\/p><p>V\u00e0 c\u00e1c d\u1ecbch v\u1ee5 t\u01b0 v\u1ea5n kh\u00e1c v\u1ec1 m\u1eb7t ch\u1eefa l\u00e0nh, t\u01b0 v\u1ea5n s\u1ee9c kho\u1ebb tinh th\u1ea7n ....,\u00a0 Coach 1:1 - kh\u00e1m ph\u00e1 b\u1ea3n th\u00e2n.<\/p>\t\t\t<\/div>\n\t\t<\/div>\n\t\t\t\t<\/div>\n\t\t\t\t\t\t<\/div>\n\t\t\t\t<\/div>\n\t\t\t\t\t<\/div>\n\t\t<\/div>\n\t\t\t\t\t<\/div>\n\t\t<\/section>\n\t\t\t\t<section class=\"elementor-section elementor-inner-section elementor-element elementor-element-7657160 elementor-section-boxed elementor-section-height-default elementor-section-height-default elementor-section-column-vertical-align-stretch\" data-id=\"7657160\" data-element_type=\"section\">\n\t\t\t\t\t\t<div class=\"elementor-container elementor-column-gap-no\">\n\t\t\t\t\t<div class=\"elementor-column elementor-col-50 elementor-inner-column elementor-element elementor-element-d91e9c7\" data-id=\"d91e9c7\" data-element_type=\"column\">\n\t\t\t<div class=\"elementor-widget-wrap elementor-element-populated\">\n\t\t\t\t\t\t<div class=\"elementor-element elementor-element-1352b29 elementor-widget elementor-widget-tm-heading\" data-id=\"1352b29\" data-element_type=\"widget\" data-widget_type=\"tm-heading.default\">\n\t\t\t\t<div class=\"elementor-widget-container\">\n\t\t\t\t\t\t\t<div class=\"tm-modern-heading tm-modern-heading--style-01 tm-modern-heading--highlight-style-01\">\n\t\t\t\n\t\t\t\t\t<div class=\"heading-primary-wrap\">\n\t\t\t<h2 class=\"heading-primary elementor-heading-title\">V\u1ec1 ch\u1ea5t l\u01b0\u1ee3ng s\u1ea3n ph\u1ea9m.<\/h2>\t\t<\/div>\n\t\t\n\t\t\t\n\t\t\t\t\t<div class=\"heading-description-wrap\">\n\t\t\t<div class=\"heading-description\">\n\t\t\t\t<p>C\u00e1c m\u1eb7t h\u00e0ng \u0111a d\u1ea1ng: v\u00f2ng tay, v\u00f2ng c\u1ed5, l\u1eafc ch\u00e2n, b\u00f4ng tai, nh\u1eabn v\u00e0 c\u00e1c lo\u1ea1i \u0111\u00e1 t\u1ef1 nhi\u00ean. \u0110\u00e2y l\u00e0 s\u1ea3n ph\u1ea9m th\u1ee7 c\u00f4ng v\u00e0 nguy\u00ean li\u1ec7u c\u00f3 t\u00ednh ch\u1ea5t \u0111\u1eb7c th\u00f9 n\u00ean m\u1eabu m\u00e3 b\u00ean shop th\u01b0\u1eddng s\u1ebd gi\u1edbi h\u1ea1n s\u1ed1 l\u01b0\u1ee3ng s\u1ea3n xu\u1ea5t. Ngo\u00e0i ra, Erialshop c\u00f2n nh\u1eadn h\u1ed7 tr\u1ee3 l\u00e0m theo size ri\u00eang cho kh\u00e1ch h\u00e0ng n\u1ebfu m\u1eabu c\u00f2n nguy\u00ean li\u1ec7u d\u1ef1 tr\u1eef.<\/p><p>N\u1ebfu c\u1ea7n th\u00eam h\u00ecnh \u1ea3nh chi ti\u1ebft v\u1ec1 s\u1ea3n ph\u1ea9m c\u00e1c b\u1ea1n \u0111\u1eebng ng\u1ea1i li\u00ean h\u1ec7 nh\u00e9. C\u00e1m \u01a1n b\u1ea1n \u0111\u00e3 gh\u00e9 trang!\u200b<\/p>\t\t\t<\/div>\n\t\t<\/div>\n\t\t\t\t<\/div>\n\t\t\t\t\t\t<\/div>\n\t\t\t\t<\/div>\n\t\t\t\t\t<\/div>\n\t\t<\/div>\n\t\t\t\t<div class=\"elementor-column elementor-col-50 elementor-inner-column elementor-element elementor-element-6640f16\" data-id=\"6640f16\" data-element_type=\"column\">\n\t\t\t<div class=\"elementor-widget-wrap elementor-element-populated\">\n\t\t\t\t\t\t<div class=\"elementor-element elementor-element-8783a92 elementor-widget elementor-widget-tm-modern-image\" data-id=\"8783a92\" data-element_type=\"widget\" data-widget_type=\"tm-modern-image.default\">\n\t\t\t\t<div class=\"elementor-widget-container\">\n\t\t\t\t\t\t\t<div class=\"tm-modern-image\">\n\t\t\t\t\t\t\t<div class=\"minimog-box\">\n\t\t\t\t\t<div class=\"minimog-image\">\t\t\t\t\t<m-image class=\"minimog-lazy-image\" style=\"--lazy-image-width: 1280px;--lazy-image-height: 100%;\" data-image-loading><img decoding=\"async\"  src=\"https:\/\/www.erialshop.com\/wp-content\/uploads\/2023\/01\/Picture2.jpg\" width=\"1280\" height=\"1280\" alt=\"Picture2\" loading=\"lazy\" class=\"attachment-full size-full\" \/><\/m-image>\t\t\t\t\t<\/div>\t\t\t\t<\/div>\n\t\t\t\t\t\t\t\t\t\t<\/div>\n\t\t\t\t\t\t<\/div>\n\t\t\t\t<\/div>\n\t\t\t\t\t<\/div>\n\t\t<\/div>\n\t\t\t\t\t<\/div>\n\t\t<\/section>\n\t\t\t\t\t<\/div>\n\t\t<\/div>\n\t\t\t\t\t<\/div>\n\t\t<\/section>\n\t\t\t\t<section class=\"elementor-section elementor-top-section elementor-element elementor-element-a6f2912 elementor-section-boxed elementor-section-gap-beside-yes elementor-section-height-default elementor-section-height-default elementor-section-column-vertical-align-stretch\" data-id=\"a6f2912\" data-element_type=\"section\">\n\t\t\t\t\t\t<div class=\"elementor-container elementor-column-gap-extended\">\n\t\t\t\t\t<div class=\"elementor-column elementor-col-100 elementor-top-column elementor-element elementor-element-21e6ed5\" data-id=\"21e6ed5\" data-element_type=\"column\">\n\t\t\t<div class=\"elementor-widget-wrap elementor-element-populated\">\n\t\t\t\t\t\t<div class=\"elementor-element elementor-element-cc9e76e elementor-widget elementor-widget-image\" data-id=\"cc9e76e\" data-element_type=\"widget\" data-widget_type=\"image.default\">\n\t\t\t\t<div class=\"elementor-widget-container\">\n\t\t\t\t\t\t\t\t\t\t\t\t\t\t\t<img decoding=\"async\" width=\"150\" height=\"150\" src=\"https:\/\/www.erialshop.com\/wp-content\/uploads\/2022\/12\/cropped-erial_logo-removebg-preview-150x150.png\" class=\"attachment-thumbnail size-thumbnail wp-image-19431\" alt=\"\" srcset=\"https:\/\/www.erialshop.com\/wp-content\/uploads\/2022\/12\/cropped-erial_logo-removebg-preview-150x150.png 150w, https:\/\/www.erialshop.com\/wp-content\/uploads\/2022\/12\/cropped-erial_logo-removebg-preview-300x300.png 300w, https:\/\/www.erialshop.com\/wp-content\/uploads\/2022\/12\/cropped-erial_logo-removebg-preview-100x100.png 100w, https:\/\/www.erialshop.com\/wp-content\/uploads\/2022\/12\/cropped-erial_logo-removebg-preview-96x96.png 96w, https:\/\/www.erialshop.com\/wp-content\/uploads\/2022\/12\/cropped-erial_logo-removebg-preview.png 512w\" sizes=\"(max-width: 150px) 100vw, 150px\" \/>\t\t\t\t\t\t\t\t\t\t\t\t\t\t\t<\/div>\n\t\t\t\t<\/div>\n\t\t\t\t\t<\/div>\n\t\t<\/div>\n\t\t\t\t\t<\/div>\n\t\t<\/section>\n\t\t\t\t<\/div>\n\t\t","protected":false},"excerpt":{"rendered":"<p>Living out every single day and be brave to show off your own true colors Ch\u00fang t\u00f4i l\u00e0 ai? Erialshop l\u00e0 c\u1eeda h\u00e0ng tr\u1ef1c tuy\u1ebfn cung c\u1ea5p c\u00e1c s\u1ea3n ph\u1ea9m trang s\u1ee9c th\u1ee7 c\u00f4ng m\u00e0 shop t\u1ef1 l\u00ean m\u1eabu \u0111\u1ec3 \u0111\u00e1p \u1ee9ng nhu c\u1ea7u l\u00e0m \u0111\u1eb9p c\u1ee7a kh\u00e1ch h\u00e0ng. V\u00e0 c\u00e1c d\u1ecbch v\u1ee5 t\u01b0 v\u1ea5n kh\u00e1c v\u1ec1 m\u1eb7t ch\u1eefa l\u00e0nh, t\u01b0 v\u1ea5n s\u1ee9c kho\u1ebb tinh th\u1ea7n &#8230;.,\u00a0 Coach 1:1 &#8211; kh\u00e1m ph\u00e1 b\u1ea3n th\u00e2n. V\u1ec1 ch\u1ea5t l\u01b0\u1ee3ng s\u1ea3n ph\u1ea9m. C\u00e1c m\u1eb7t h\u00e0ng \u0111a d\u1ea1ng: v\u00f2ng tay, v\u00f2ng c\u1ed5, l\u1eafc ch\u00e2n, b\u00f4ng tai, nh\u1eabn v\u00e0 c\u00e1c lo\u1ea1i \u0111\u00e1 t\u1ef1 nhi\u00ean. \u0110\u00e2y l\u00e0 s\u1ea3n ph\u1ea9m th\u1ee7 c\u00f4ng v\u00e0 nguy\u00ean li\u1ec7u c\u00f3 t\u00ednh ch\u1ea5t \u0111\u1eb7c th\u00f9 n\u00ean m\u1eabu m\u00e3 b\u00ean shop th\u01b0\u1eddng s\u1ebd gi\u1edbi h\u1ea1n s\u1ed1 l\u01b0\u1ee3ng s\u1ea3n xu\u1ea5t. Ngo\u00e0i ra, Erialshop c\u00f2n nh\u1eadn h\u1ed7 tr\u1ee3 l\u00e0m theo size ri\u00eang cho kh\u00e1ch h\u00e0ng n\u1ebfu m\u1eabu c\u00f2n nguy\u00ean li\u1ec7u d\u1ef1 tr\u1eef. N\u1ebfu c\u1ea7n th\u00eam h\u00ecnh \u1ea3nh chi ti\u1ebft v\u1ec1 s\u1ea3n ph\u1ea9m c\u00e1c b\u1ea1n \u0111\u1eebng ng\u1ea1i li\u00ean h\u1ec7 nh\u00e9. C\u00e1m \u01a1n b\u1ea1n \u0111\u00e3 gh\u00e9 trang!\u200b<\/p>\n","protected":false},"author":1,"featured_media":0,"parent":0,"menu_order":0,"comment_status":"closed","ping_status":"closed","template":"","meta":{"footnotes":""},"class_list":["post-328","page","type-page","status-publish","hentry","post-no-thumbnail"],"_links":{"self":[{"href":"https:\/\/www.erialshop.com\/index.php\/wp-json\/wp\/v2\/pages\/328","targetHints":{"allow":["GET"]}}],"collection":[{"href":"https:\/\/www.erialshop.com\/index.php\/wp-json\/wp\/v2\/pages"}],"about":[{"href":"https:\/\/www.erialshop.com\/index.php\/wp-json\/wp\/v2\/types\/page"}],"author":[{"embeddable":true,"href":"https:\/\/www.erialshop.com\/index.php\/wp-json\/wp\/v2\/users\/1"}],"replies":[{"embeddable":true,"href":"https:\/\/www.erialshop.com\/index.php\/wp-json\/wp\/v2\/comments?post=328"}],"version-history":[{"count":0,"href":"https:\/\/www.erialshop.com\/index.php\/wp-json\/wp\/v2\/pages\/328\/revisions"}],"wp:attachment":[{"href":"https:\/\/www.erialshop.com\/index.php\/wp-json\/wp\/v2\/media?parent=328"}],"curies":[{"name":"wp","href":"https:\/\/api.w.org\/{rel}","templated":true}]}}