{"id":16,"date":"2022-11-27T07:00:36","date_gmt":"2022-11-27T07:00:36","guid":{"rendered":"https:\/\/erialshop.com\/index.php\/wishlist\/"},"modified":"2022-12-06T13:18:13","modified_gmt":"2022-12-06T13:18:13","slug":"wishlist","status":"publish","type":"page","link":"https:\/\/www.erialshop.com\/index.php\/wishlist\/","title":{"rendered":"Danh m\u1ee5c y\u00eau th\u00edch"},"content":{"rendered":"<div class=\"woosw-list\"><div class=\"woosw-popup-content-mid-message\">Kh\u00f4ng c\u00f3 s\u1ea3n ph\u1ea9m n\u00e0o trong Danh s\u00e1ch y\u00eau th\u00edch.<\/div><\/div><!-- \/woosw-list -->\n","protected":false},"excerpt":{"rendered":"","protected":false},"author":1,"featured_media":0,"parent":0,"menu_order":0,"comment_status":"closed","ping_status":"closed","template":"","meta":{"footnotes":""},"class_list":["post-16","page","type-page","status-publish","hentry","post-no-thumbnail"],"_links":{"self":[{"href":"https:\/\/www.erialshop.com\/index.php\/wp-json\/wp\/v2\/pages\/16","targetHints":{"allow":["GET"]}}],"collection":[{"href":"https:\/\/www.erialshop.com\/index.php\/wp-json\/wp\/v2\/pages"}],"about":[{"href":"https:\/\/www.erialshop.com\/index.php\/wp-json\/wp\/v2\/types\/page"}],"author":[{"embeddable":true,"href":"https:\/\/www.erialshop.com\/index.php\/wp-json\/wp\/v2\/users\/1"}],"replies":[{"embeddable":true,"href":"https:\/\/www.erialshop.com\/index.php\/wp-json\/wp\/v2\/comments?post=16"}],"version-history":[{"count":0,"href":"https:\/\/www.erialshop.com\/index.php\/wp-json\/wp\/v2\/pages\/16\/revisions"}],"wp:attachment":[{"href":"https:\/\/www.erialshop.com\/index.php\/wp-json\/wp\/v2\/media?parent=16"}],"curies":[{"name":"wp","href":"https:\/\/api.w.org\/{rel}","templated":true}]}}